{"id":601,"date":"2021-09-24T17:33:19","date_gmt":"2021-09-24T17:33:19","guid":{"rendered":"https:\/\/guesthousecreuzadema.com\/index.php\/cosa-vedere-copy\/"},"modified":"2021-09-30T14:29:58","modified_gmt":"2021-09-30T14:29:58","slug":"prenota","status":"publish","type":"page","link":"https:\/\/guesthousecreuzadema.com\/index.php\/prenota\/","title":{"rendered":"Prenota"},"content":{"rendered":"<!--themify_builder_content-->\n<div id=\"themify_builder_content-601\" data-postid=\"601\" class=\"themify_builder_content themify_builder_content-601 themify_builder tf_clear\">\n                    <div  data-css_id=\"ywd6401\" data-lazy=\"1\" class=\"module_row themify_builder_row fullwidth tb_ywd6401 tb_first tf_w\">\n            <span  class=\"builder_row_cover tf_abs\" data-lazy=\"1\"><\/span>            <div class=\"row_inner gutter-none col_align_top tb_col_count_2 tf_box tf_rel\">\n                        <div  data-lazy=\"1\" class=\"module_column tb-column col4-1 tb_2yin000 first\">\n                            <\/div>\n                    <div  data-lazy=\"1\" class=\"module_column tb-column col4-3 tb_xzqb040 last\">\n                    <!-- module text -->\n<div  class=\"module module-text tb_dx20056   \" data-lazy=\"1\">\n        <div  class=\"tb_text_wrap\">\n        <h2>Prenota Ora<\/h2>    <\/div>\n<\/div>\n<!-- \/module text -->        <\/div>\n                        <\/div>\n        <\/div>\n                        <div  data-lazy=\"1\" class=\"module_row themify_builder_row tb_bfkh655 tf_w\">\n                        <div class=\"row_inner gutter-none col_align_top tb_col_count_1 tf_box tf_rel\">\n                        <div  data-lazy=\"1\" class=\"module_column tb-column col-full tb_thft655 first\">\n                    <!-- module text -->\n<div  class=\"module module-text tb_88b9656   \" data-lazy=\"1\">\n        <div  class=\"tb_text_wrap\">\n        <h2>Desideri Prenotare o verificare la disponibilit\u00e0?<\/h2>\n<p>Compila il modulo seguente, ti risponderemo nel pi\u00f9 breve tempo possibile.<\/p>    <\/div>\n<\/div>\n<!-- \/module text -->        <div  data-lazy=\"1\" class=\"module_subrow themify_builder_sub_row tf_w col_align_top tb_col_count_2 tb_wok6492\">\n        <span  class=\"builder_row_cover tf_abs\" data-lazy=\"1\"><\/span>        <div  data-lazy=\"1\" class=\"module_column sub_column col3-1 tb_226e492 first\">\n                    <!-- module text -->\n<div  class=\"module module-text tb_hzhn251   \" data-lazy=\"1\">\n        <div  class=\"tb_text_wrap\">\n        <h2>Verifica Disponibilit\u00e0<\/h2>    <\/div>\n<\/div>\n<!-- \/module text -->        <\/div>\n                    <div  data-lazy=\"1\" class=\"module_column sub_column col3-2 tb_kygh267 last\">\n                    <!-- module text -->\n<div  class=\"module module-text tb_ta28938   \" data-lazy=\"1\">\n        <div  class=\"tb_text_wrap\">\n        \n<div class=\"wpcf7 no-js\" id=\"wpcf7-f287-o1\" lang=\"it-IT\" dir=\"ltr\" data-wpcf7-id=\"287\">\n<div class=\"screen-reader-response\"><p role=\"status\" aria-live=\"polite\" aria-atomic=\"true\"><\/p> <ul><\/ul><\/div>\n<form action=\"\/index.php\/wp-json\/wp\/v2\/pages\/601#wpcf7-f287-o1\" method=\"post\" class=\"wpcf7-form init\" aria-label=\"Modulo di contatto\" novalidate=\"novalidate\" data-status=\"init\">\n<div style=\"display: none;\">\n<input type=\"hidden\" name=\"_wpcf7\" value=\"287\" \/>\n<input type=\"hidden\" name=\"_wpcf7_version\" value=\"6.0.6\" \/>\n<input type=\"hidden\" name=\"_wpcf7_locale\" value=\"it_IT\" \/>\n<input type=\"hidden\" name=\"_wpcf7_unit_tag\" value=\"wpcf7-f287-o1\" \/>\n<input type=\"hidden\" name=\"_wpcf7_container_post\" value=\"0\" \/>\n<input type=\"hidden\" name=\"_wpcf7_posted_data_hash\" value=\"\" \/>\n<input type=\"hidden\" name=\"_wpcf7_recaptcha_response\" value=\"\" \/>\n<\/div>\n<p><label>Nome e Cognome*<br \/>\n<span class=\"wpcf7-form-control-wrap\" data-name=\"your-name\"><input size=\"40\" maxlength=\"400\" class=\"wpcf7-form-control wpcf7-text wpcf7-validates-as-required\" aria-required=\"true\" aria-invalid=\"false\" value=\"\" type=\"text\" name=\"your-name\" \/><\/span> <\/label>\n<\/p>\n<p><label>Email*<br \/>\n<span class=\"wpcf7-form-control-wrap\" data-name=\"your-email\"><input size=\"40\" maxlength=\"400\" class=\"wpcf7-form-control wpcf7-email wpcf7-validates-as-required wpcf7-text wpcf7-validates-as-email\" aria-required=\"true\" aria-invalid=\"false\" value=\"\" type=\"email\" name=\"your-email\" \/><\/span> <\/label>\n<\/p>\n<p><label>Telefono*<br \/>\n<span class=\"wpcf7-form-control-wrap\" data-name=\"telefono-01\"><input size=\"40\" maxlength=\"400\" class=\"wpcf7-form-control wpcf7-tel wpcf7-validates-as-required wpcf7-text wpcf7-validates-as-tel\" aria-required=\"true\" aria-invalid=\"false\" value=\"\" type=\"tel\" name=\"telefono-01\" \/><\/span><\/label>\n<\/p>\n<p><label> Data di Arrivo*<br \/>\n<span class=\"wpcf7-form-control-wrap\" data-name=\"date-arrivo\"><input class=\"wpcf7-form-control wpcf7-date wpcf7-validates-as-required wpcf7-validates-as-date\" aria-required=\"true\" aria-invalid=\"false\" value=\"\" type=\"date\" name=\"date-arrivo\" \/><\/span> <\/label>\n<\/p>\n<p><label> Data di Partenza*<br \/>\n<span class=\"wpcf7-form-control-wrap\" data-name=\"date-partenza\"><input class=\"wpcf7-form-control wpcf7-date wpcf7-validates-as-required wpcf7-validates-as-date\" aria-required=\"true\" aria-invalid=\"false\" value=\"\" type=\"date\" name=\"date-partenza\" \/><\/span> <\/label>\n<\/p>\n<p><label> Numero Adulti*<br \/>\n<span class=\"wpcf7-form-control-wrap\" data-name=\"num-adulti\"><select class=\"wpcf7-form-control wpcf7-select wpcf7-validates-as-required adulti\" id=\"adulti\" aria-required=\"true\" aria-invalid=\"false\" name=\"num-adulti\"><option value=\"\">&#8212;Seleziona un&#039;opzione&#8212;<\/option><option value=\"1\">1<\/option><option value=\"2\">2<\/option><option value=\"3\">3<\/option><option value=\"4\">4<\/option><option value=\"5\">5<\/option><option value=\"6\">6<\/option><option value=\"7\">7<\/option><option value=\"8\">8<\/option><option value=\"9\">9<\/option><option value=\"10\">10<\/option><\/select><\/span><\/label>\n<\/p>\n<p><label> Numero Bambini<br \/>\n<span class=\"wpcf7-form-control-wrap\" data-name=\"num-bambini\"><select class=\"wpcf7-form-control wpcf7-select bambini\" id=\"bambini\" aria-invalid=\"false\" name=\"num-bambini\"><option value=\"\">&#8212;Seleziona un&#039;opzione&#8212;<\/option><option value=\"1\">1<\/option><option value=\"2\">2<\/option><option value=\"3\">3<\/option><option value=\"4\">4<\/option><option value=\"5\">5<\/option><option value=\"6\">6<\/option><\/select><\/span><\/label>\n<\/p>\n<p><label> Seleziona Appartamento<br \/>\n<span class=\"wpcf7-form-control-wrap\" data-name=\"tipo-appartamento\"><select class=\"wpcf7-form-control wpcf7-select tipo-appartamento\" id=\"tipo-appartamento\" aria-invalid=\"false\" name=\"tipo-appartamento\"><option value=\"\">&#8212;Seleziona un&#039;opzione&#8212;<\/option><option value=\"Appartamento Deluxe\">Appartamento Deluxe<\/option><option value=\"Appartamento con 1 camera da letto\">Appartamento con 1 camera da letto<\/option><option value=\"Monolocale\">Monolocale<\/option><option value=\"Appartamento con vista piscina\">Appartamento con vista piscina<\/option><\/select><\/span> <\/label>\n<\/p>\n<p><label> Il tuo messaggio<br \/>\n<span class=\"wpcf7-form-control-wrap\" data-name=\"your-message\"><textarea cols=\"40\" rows=\"10\" maxlength=\"2000\" class=\"wpcf7-form-control wpcf7-textarea\" aria-invalid=\"false\" name=\"your-message\"><\/textarea><\/span> <\/label>\n<\/p>\n<p><span class=\"wpcf7-form-control-wrap\" data-name=\"accetta-condizioni\"><span class=\"wpcf7-form-control wpcf7-acceptance\"><span class=\"wpcf7-list-item\"><label><input type=\"checkbox\" name=\"accetta-condizioni\" value=\"1\" aria-invalid=\"false\" \/><span class=\"wpcf7-list-item-label\">Accetta (*)<\/span><\/label><\/span><\/span><\/span><a href=\"\"> Termini e Condizioni <\/a><br \/>\n<label> (*) Campi Obbligatori <\/label>\n<\/p>\n<p><input class=\"wpcf7-form-control wpcf7-submit has-spinner\" type=\"submit\" value=\"Verifica Disponibilit\u00e0\" \/>\n<\/p><div class=\"wpcf7-response-output\" aria-hidden=\"true\"><\/div>\n<\/form>\n<\/div>\n    <\/div>\n<\/div>\n<!-- \/module text -->        <\/div>\n                    <\/div>\n                <\/div>\n                        <\/div>\n        <\/div>\n        <\/div>\n<!--\/themify_builder_content--><!-- AddThis Advanced Settings generic via filter on the_content --><!-- AddThis Share Buttons generic via filter on the_content -->","protected":false},"excerpt":{"rendered":"<p>Prenota Ora Desideri Prenotare o verificare la disponibilit\u00e0? Compila il modulo seguente, ti risponderemo nel pi\u00f9 breve tempo possibile. Verifica Disponibilit\u00e0<!-- AddThis Advanced Settings generic via filter on get_the_excerpt --><!-- AddThis Share Buttons generic via filter on get_the_excerpt --><\/p>\n","protected":false},"author":1,"featured_media":0,"parent":0,"menu_order":0,"comment_status":"closed","ping_status":"closed","template":"","meta":{"footnotes":""},"class_list":["post-601","page","type-page","status-publish","hentry","has-post-title","has-post-date","has-post-category","has-post-tag","has-post-comment","has-post-author",""],"yoast_head":"<!-- This site is optimized with the Yoast SEO plugin v25.3.1 - https:\/\/yoast.com\/wordpress\/plugins\/seo\/ -->\n<title>Prenota - Guest House Creuza De Ma<\/title>\n<meta name=\"robots\" content=\"index, follow, max-snippet:-1, max-image-preview:large, max-video-preview:-1\" \/>\n<link rel=\"canonical\" href=\"https:\/\/guesthousecreuzadema.com\/index.php\/prenota\/\" \/>\n<meta property=\"og:locale\" content=\"it_IT\" \/>\n<meta property=\"og:type\" content=\"article\" \/>\n<meta property=\"og:title\" content=\"Prenota - Guest House Creuza De Ma\" \/>\n<meta property=\"og:description\" content=\"Prenota Ora Desideri Prenotare o verificare la disponibilit\u00e0? Compila il modulo seguente, ti risponderemo nel pi\u00f9 breve tempo possibile. Verifica Disponibilit\u00e0\" \/>\n<meta property=\"og:url\" content=\"https:\/\/guesthousecreuzadema.com\/index.php\/prenota\/\" \/>\n<meta property=\"og:site_name\" content=\"Guest House Creuza De Ma\" \/>\n<meta property=\"article:modified_time\" content=\"2021-09-30T14:29:58+00:00\" \/>\n<meta name=\"twitter:card\" content=\"summary_large_image\" \/>\n<script type=\"application\/ld+json\" class=\"yoast-schema-graph\">{\"@context\":\"https:\/\/schema.org\",\"@graph\":[{\"@type\":\"WebPage\",\"@id\":\"https:\/\/guesthousecreuzadema.com\/index.php\/prenota\/\",\"url\":\"https:\/\/guesthousecreuzadema.com\/index.php\/prenota\/\",\"name\":\"Prenota - Guest House Creuza De Ma\",\"isPartOf\":{\"@id\":\"https:\/\/guesthousecreuzadema.com\/#website\"},\"datePublished\":\"2021-09-24T17:33:19+00:00\",\"dateModified\":\"2021-09-30T14:29:58+00:00\",\"breadcrumb\":{\"@id\":\"https:\/\/guesthousecreuzadema.com\/index.php\/prenota\/#breadcrumb\"},\"inLanguage\":\"it-IT\",\"potentialAction\":[{\"@type\":\"ReadAction\",\"target\":[\"https:\/\/guesthousecreuzadema.com\/index.php\/prenota\/\"]}]},{\"@type\":\"BreadcrumbList\",\"@id\":\"https:\/\/guesthousecreuzadema.com\/index.php\/prenota\/#breadcrumb\",\"itemListElement\":[{\"@type\":\"ListItem\",\"position\":1,\"name\":\"Home\",\"item\":\"https:\/\/guesthousecreuzadema.com\/\"},{\"@type\":\"ListItem\",\"position\":2,\"name\":\"Prenota\"}]},{\"@type\":\"WebSite\",\"@id\":\"https:\/\/guesthousecreuzadema.com\/#website\",\"url\":\"https:\/\/guesthousecreuzadema.com\/\",\"name\":\"Guest House Creuza De Ma\",\"description\":\"Appartamenti di lusso a Riposto (Catania) - Sicilia\",\"potentialAction\":[{\"@type\":\"SearchAction\",\"target\":{\"@type\":\"EntryPoint\",\"urlTemplate\":\"https:\/\/guesthousecreuzadema.com\/?s={search_term_string}\"},\"query-input\":{\"@type\":\"PropertyValueSpecification\",\"valueRequired\":true,\"valueName\":\"search_term_string\"}}],\"inLanguage\":\"it-IT\"}]}<\/script>\n<!-- \/ Yoast SEO plugin. -->","yoast_head_json":{"title":"Prenota - Guest House Creuza De Ma","robots":{"index":"index","follow":"follow","max-snippet":"max-snippet:-1","max-image-preview":"max-image-preview:large","max-video-preview":"max-video-preview:-1"},"canonical":"https:\/\/guesthousecreuzadema.com\/index.php\/prenota\/","og_locale":"it_IT","og_type":"article","og_title":"Prenota - Guest House Creuza De Ma","og_description":"Prenota Ora Desideri Prenotare o verificare la disponibilit\u00e0? Compila il modulo seguente, ti risponderemo nel pi\u00f9 breve tempo possibile. Verifica Disponibilit\u00e0","og_url":"https:\/\/guesthousecreuzadema.com\/index.php\/prenota\/","og_site_name":"Guest House Creuza De Ma","article_modified_time":"2021-09-30T14:29:58+00:00","twitter_card":"summary_large_image","schema":{"@context":"https:\/\/schema.org","@graph":[{"@type":"WebPage","@id":"https:\/\/guesthousecreuzadema.com\/index.php\/prenota\/","url":"https:\/\/guesthousecreuzadema.com\/index.php\/prenota\/","name":"Prenota - Guest House Creuza De Ma","isPartOf":{"@id":"https:\/\/guesthousecreuzadema.com\/#website"},"datePublished":"2021-09-24T17:33:19+00:00","dateModified":"2021-09-30T14:29:58+00:00","breadcrumb":{"@id":"https:\/\/guesthousecreuzadema.com\/index.php\/prenota\/#breadcrumb"},"inLanguage":"it-IT","potentialAction":[{"@type":"ReadAction","target":["https:\/\/guesthousecreuzadema.com\/index.php\/prenota\/"]}]},{"@type":"BreadcrumbList","@id":"https:\/\/guesthousecreuzadema.com\/index.php\/prenota\/#breadcrumb","itemListElement":[{"@type":"ListItem","position":1,"name":"Home","item":"https:\/\/guesthousecreuzadema.com\/"},{"@type":"ListItem","position":2,"name":"Prenota"}]},{"@type":"WebSite","@id":"https:\/\/guesthousecreuzadema.com\/#website","url":"https:\/\/guesthousecreuzadema.com\/","name":"Guest House Creuza De Ma","description":"Appartamenti di lusso a Riposto (Catania) - Sicilia","potentialAction":[{"@type":"SearchAction","target":{"@type":"EntryPoint","urlTemplate":"https:\/\/guesthousecreuzadema.com\/?s={search_term_string}"},"query-input":{"@type":"PropertyValueSpecification","valueRequired":true,"valueName":"search_term_string"}}],"inLanguage":"it-IT"}]}},"builder_content":"<h2>Prenota Ora<\/h2>\n<h2>Desideri Prenotare o verificare la disponibilit\u00e0?<\/h2> <p>Compila il modulo seguente, ti risponderemo nel pi\u00f9 breve tempo possibile.<\/p>\n<h2>Verifica Disponibilit\u00e0<\/h2>\n<p>[contact-form-7 id=\"287\" title=\"Verifica Disponibilit\u00e0\"]<\/p>","_links":{"self":[{"href":"https:\/\/guesthousecreuzadema.com\/index.php\/wp-json\/wp\/v2\/pages\/601","targetHints":{"allow":["GET"]}}],"collection":[{"href":"https:\/\/guesthousecreuzadema.com\/index.php\/wp-json\/wp\/v2\/pages"}],"about":[{"href":"https:\/\/guesthousecreuzadema.com\/index.php\/wp-json\/wp\/v2\/types\/page"}],"author":[{"embeddable":true,"href":"https:\/\/guesthousecreuzadema.com\/index.php\/wp-json\/wp\/v2\/users\/1"}],"replies":[{"embeddable":true,"href":"https:\/\/guesthousecreuzadema.com\/index.php\/wp-json\/wp\/v2\/comments?post=601"}],"version-history":[{"count":16,"href":"https:\/\/guesthousecreuzadema.com\/index.php\/wp-json\/wp\/v2\/pages\/601\/revisions"}],"predecessor-version":[{"id":691,"href":"https:\/\/guesthousecreuzadema.com\/index.php\/wp-json\/wp\/v2\/pages\/601\/revisions\/691"}],"wp:attachment":[{"href":"https:\/\/guesthousecreuzadema.com\/index.php\/wp-json\/wp\/v2\/media?parent=601"}],"curies":[{"name":"wp","href":"https:\/\/api.w.org\/{rel}","templated":true}]}}